{"id":487,"date":"2021-06-02T05:13:05","date_gmt":"2021-06-02T05:13:05","guid":{"rendered":"https:\/\/wpocean.com\/wp\/lavelo\/?page_id=7"},"modified":"2025-12-07T14:27:29","modified_gmt":"2025-12-07T19:27:29","slug":"home","status":"publish","type":"page","link":"https:\/\/xn--15aos-qta.site\/","title":{"rendered":"Home"},"content":{"rendered":"\t\t<div data-elementor-type=\"wp-page\" data-elementor-id=\"487\" class=\"elementor elementor-487\">\n\t\t\t\t\t\t<section class=\"elementor-section elementor-top-section elementor-element elementor-element-004adfe elementor-section-full_width elementor-section-height-default elementor-section-height-default\" data-id=\"004adfe\" data-element_type=\"section\">\n\t\t\t\t\t\t<div class=\"elementor-container elementor-column-gap-no\">\n\t\t\t\t\t<div class=\"elementor-column elementor-col-100 elementor-top-column elementor-element elementor-element-ca7d4f4\" data-id=\"ca7d4f4\" data-element_type=\"column\">\n\t\t\t<div class=\"elementor-widget-wrap\">\n\t\t\t\t\t\t\t<\/div>\n\t\t<\/div>\n\t\t\t\t\t<\/div>\n\t\t<\/section>\n\t\t\t\t<section class=\"elementor-section elementor-top-section elementor-element elementor-element-8891f01 elementor-section-boxed elementor-section-height-default elementor-section-height-default\" data-id=\"8891f01\" data-element_type=\"section\">\n\t\t\t\t\t\t<div class=\"elementor-container elementor-column-gap-default\">\n\t\t\t\t\t<div class=\"elementor-column elementor-col-100 elementor-top-column elementor-element elementor-element-8f425c4\" data-id=\"8f425c4\" data-element_type=\"column\">\n\t\t\t<div class=\"elementor-widget-wrap elementor-element-populated\">\n\t\t\t\t\t\t<div class=\"elementor-element elementor-element-321cdbf elementor-widget elementor-widget-tmx-lavelo_slider\" data-id=\"321cdbf\" data-element_type=\"widget\" data-widget_type=\"tmx-lavelo_slider.default\">\n\t\t\t\t<div class=\"elementor-widget-container\">\n\t\t\t\t\t\t\t<div class=\"hero hero-slider-wrapper  hero-style-2\">\n\t\t\t<div id=\"default\"><\/div>\t\t\t<div class=\"hero-slider\">\n\t\t\t\t\t\t\t\t\t\t<div class=\"slide\">\n\t\t\t\t\t\t\t\t\t\t\t\t\t\t\t<img decoding=\"async\" src=\"https:\/\/xn--15aos-qta.site\/wp-content\/uploads\/2025\/12\/Hero-1.jpg\" alt=\"\" class=\"slider-bg\">\n\t\t\t\t\t\t\t\t\t\t\t\t\t<\/div>\n\t\t\t\t\t\t\t<\/div>\n\t\t\t<div class=\"hero-circle wow zoomIn\" data-wow-duration=\"0.8s\">\n\t\t\t\t<div class=\"circle-inner\" style=\"background: url( https:\/\/xn--15aos-qta.site\/wp-content\/uploads\/2021\/06\/cercle.png) center center\/100% no-repeat local;\">\n\t\t\t\t\t<div class=\"text\">\n\t\t\t\t\t\t\t\t\t\t\t\t\t<h4>\n\t\t\t\t\t\t\t\t<span class=\"wow fadeInUp\" data-wow-delay=\"1.05s\">T<\/span><span class=\"wow fadeInUp\" data-wow-delay=\"1.1s\">e<\/span><span class=\"wow fadeInUp\" data-wow-delay=\"1.15s\"> <\/span><span class=\"wow fadeInUp\" data-wow-delay=\"1.2s\">i<\/span><span class=\"wow fadeInUp\" data-wow-delay=\"1.25s\">n<\/span><span class=\"wow fadeInUp\" data-wow-delay=\"1.3s\">v<\/span><span class=\"wow fadeInUp\" data-wow-delay=\"1.35s\">i<\/span><span class=\"wow fadeInUp\" data-wow-delay=\"1.4s\">t<\/span><span class=\"wow fadeInUp\" data-wow-delay=\"1.45s\">o<\/span><span class=\"wow fadeInUp\" data-wow-delay=\"1.5s\"> <\/span><span class=\"wow fadeInUp\" data-wow-delay=\"1.55s\">a<\/span><span class=\"wow fadeInUp\" data-wow-delay=\"1.6s\"> <\/span><span class=\"wow fadeInUp\" data-wow-delay=\"1.65s\">c<\/span><span class=\"wow fadeInUp\" data-wow-delay=\"1.7s\">e<\/span><span class=\"wow fadeInUp\" data-wow-delay=\"1.75s\">l<\/span><span class=\"wow fadeInUp\" data-wow-delay=\"1.8s\">e<\/span><span class=\"wow fadeInUp\" data-wow-delay=\"1.85s\">b<\/span><span class=\"wow fadeInUp\" data-wow-delay=\"1.9s\">r<\/span><span class=\"wow fadeInUp\" data-wow-delay=\"1.95s\">a<\/span><span class=\"wow fadeInUp\" data-wow-delay=\"2s\">r<\/span>\t\t\t\t\t\t\t<\/h4>\n\t\t\t\t\t\t\t\t\t\t\t\t\t<h2 class=\"wow fadeInUp\" data-wow-delay=\"2.2s\">Mis 15 A\u00f1os<\/h2>\n\t\t\t\t\t\t\t\t\t\t\t\t\t<p class=\"wow fadeInUp\" data-wow-delay=\"2.5s\">27\/12\/2025 <\/p>\n\t\t\t\t\t\t\t\t\t\t\t<\/div>\n\t\t\t\t<\/div>\n\t\t\t<\/div>\n\t\t<\/div>\n\t\t\t\t<\/div>\n\t\t\t\t<\/div>\n\t\t\t\t\t<\/div>\n\t\t<\/div>\n\t\t\t\t\t<\/div>\n\t\t<\/section>\n\t\t<div class=\"elementor-element elementor-element-ae8b9e6 e-flex e-con-boxed e-con e-parent\" data-id=\"ae8b9e6\" data-element_type=\"container\">\n\t\t\t\t\t<div class=\"e-con-inner\">\n\t\t\t\t<div class=\"elementor-element elementor-element-7fa26b2 elementor-widget elementor-widget-shortcode\" data-id=\"7fa26b2\" data-element_type=\"widget\" data-widget_type=\"shortcode.default\">\n\t\t\t\t\t\t\t<div class=\"elementor-shortcode\"><div id=\"ms_avp\" style=\"max-width:99%;box-sizing:border-box;margin-left:auto;margin-right:auto;margin-top:2px;\"><audio id=\"codepeople_media_player1775457262594801\" class=\"codepeople-media classic-skin\" autoplay=\"autoplay\" preload=\"none\" style=\"max-width:99%;box-sizing:border-box;margin-left:auto;margin-right:auto;margin-top:2px;\"><source src=\"\/\/xn--15aos-qta.site\/wp-content\/uploads\/2025\/12\/Alices-Theme-From-Alice-in-Wonderland_Soundtrack-Version-Danny-Elfman.mp3\" type=\"audio\/mp3\" \/><\/audio><ul id=\"codepeople_media_player1775457262594801-list\" class=\"no-playlist\" style=\"display:none;\"><li value=\"{&quot;source&quot;:[{&quot;src&quot;:&quot;\\\/\\\/xn--15aos-qta.site\\\/wp-content\\\/uploads\\\/2025\\\/12\\\/Alices-Theme-From-Alice-in-Wonderland_Soundtrack-Version-Danny-Elfman.mp3&quot;,&quot;type&quot;:&quot;audio\\\/mp3&quot;}],&quot;track&quot;:[]}\"><span class=\"cpmp-annotation\">Alice's Theme (From &quot;Alice in Wonderland&quot;)<\/span><\/li><\/ul><noscript>audio-and-video-player require JavaScript<\/noscript><div style=\"clear:both;\"><\/div><\/div><\/div>\n\t\t\t\t\t\t<\/div>\n\t\t\t\t\t<\/div>\n\t\t\t\t<\/div>\n\t\t<div class=\"elementor-element elementor-element-83c28f6 e-flex e-con-boxed e-con e-parent\" data-id=\"83c28f6\" data-element_type=\"container\">\n\t\t\t\t\t<div class=\"e-con-inner\">\n\t\t\t\t<div class=\"elementor-element elementor-element-1fb61ea elementor-widget elementor-widget-image\" data-id=\"1fb61ea\" data-element_type=\"widget\" data-widget_type=\"image.default\">\n\t\t\t\t\t\t\t\t\t\t\t\t\t\t\t<img decoding=\"async\" width=\"150\" height=\"150\" src=\"https:\/\/xn--15aos-qta.site\/wp-content\/uploads\/2025\/12\/pngwing.com-1-150x150.png\" class=\"attachment-thumbnail size-thumbnail wp-image-664\" alt=\"\" srcset=\"https:\/\/xn--15aos-qta.site\/wp-content\/uploads\/2025\/12\/pngwing.com-1-150x150.png 150w, https:\/\/xn--15aos-qta.site\/wp-content\/uploads\/2025\/12\/pngwing.com-1-300x300.png 300w, https:\/\/xn--15aos-qta.site\/wp-content\/uploads\/2025\/12\/pngwing.com-1-1022x1024.png 1022w, https:\/\/xn--15aos-qta.site\/wp-content\/uploads\/2025\/12\/pngwing.com-1-768x769.png 768w, https:\/\/xn--15aos-qta.site\/wp-content\/uploads\/2025\/12\/pngwing.com-1-1533x1536.png 1533w, https:\/\/xn--15aos-qta.site\/wp-content\/uploads\/2025\/12\/pngwing.com-1-2044x2048.png 2044w\" sizes=\"(max-width: 150px) 100vw, 150px\" \/>\t\t\t\t\t\t\t\t\t\t\t\t\t\t\t<\/div>\n\t\t\t\t\t<\/div>\n\t\t\t\t<\/div>\n\t\t\t\t<section class=\"elementor-section elementor-top-section elementor-element elementor-element-764f9c1 elementor-section-full_width elementor-section-height-default elementor-section-height-default\" data-id=\"764f9c1\" data-element_type=\"section\" id=\"couple\">\n\t\t\t\t\t\t<div class=\"elementor-container elementor-column-gap-default\">\n\t\t\t\t\t<div class=\"elementor-column elementor-col-100 elementor-top-column elementor-element elementor-element-aaac467\" data-id=\"aaac467\" data-element_type=\"column\">\n\t\t\t<div class=\"elementor-widget-wrap elementor-element-populated\">\n\t\t\t\t\t\t<div class=\"elementor-element elementor-element-b0b63b6 elementor-widget elementor-widget-tmx-lavelo_counter\" data-id=\"b0b63b6\" data-element_type=\"widget\" data-settings=\"{&quot;clock_image&quot;:{&quot;url&quot;:&quot;&quot;,&quot;id&quot;:&quot;&quot;,&quot;size&quot;:&quot;&quot;}}\" data-widget_type=\"tmx-lavelo_counter.default\">\n\t\t\t\t<div class=\"elementor-widget-container\">\n\t\t\t\t\t\t\t<div class=\"count-down-section\">\n\t\t\t<div class=\"count-down-item count-down-item2\">\n\t\t\t\t<div class=\"col-12 col-md-4 section-area\" >\n\t\t\t\t\t<div class=\"section-sub\"><\/div>\n\t\t\t\t\t<h2><span>Estamos esperando por.....<\/span>El Gran D\u00eda<\/h2>\t\t\t\t<\/div>\n\t\t\t\t<div class=\"col-12 col-md-8 clock-area\">\n\t\t\t\t\t<div class=\"count-down-clock\">\n\t\t\t\t\t\t<div id=\"clock\" data-date=\"2025\/12\/27 \"><\/div>\n\t\t\t\t\t<\/div>\n\t\t\t\t<\/div>\n\t\t\t<\/div>\n\t\t<\/div>\n\n\t\t<script>\n\t\t\tjQuery(document).ready(function() {\n\t\t\t\t\/*------------------------------------------\n            = COUNTDOWN CLOCK\n        -------------------------------------------*\/\n\t\t\t\tif (jQuery(\"#clock\").length) {\n\n\t\t\t\t\tvar weddingDate = jQuery('#clock').data('date');\n\t\t\t\t\tjQuery('#clock').countdown(weddingDate, function(event) {\n\t\t\t\t\t\tvar $this = jQuery(this).html(event.strftime('' +\n\t\t\t\t\t\t\t'<div class=\"box\"><div class=\"date\">%D<\/div> <span>D\u00edas<\/span> <\/div>' +\n\t\t\t\t\t\t\t'<div class=\"box\"><div class=\"date\">%H<\/div> <span>Horas<\/span> <\/div>' +\n\t\t\t\t\t\t\t'<div class=\"box\"><div class=\"date\">%M<\/div> <span>minutos<\/span> <\/div>' +\n\t\t\t\t\t\t\t'<div class=\"box\"><div class=\"date\">%S<\/div> <span>Segundos<\/span> <\/div>'));\n\t\t\t\t\t});\n\n\n\t\t\t\t}\n\n\t\t\t});\n\t\t<\/script>\n\t\t\t\t<\/div>\n\t\t\t\t<\/div>\n\t\t\t\t<div class=\"elementor-element elementor-element-05b9b5b elementor-widget elementor-widget-tmx-lavelo_title\" data-id=\"05b9b5b\" data-element_type=\"widget\" data-widget_type=\"tmx-lavelo_title.default\">\n\t\t\t\t<div class=\"elementor-widget-container\">\n\t\t\t\t\t\t\t<div class=\"text-center lavelo-title   lavelo-title-69d353ee41474\">\n\t\t\t<h2>Nathalia Isabella<\/h2>\t\t<\/div>\n\t\t\t\t<\/div>\n\t\t\t\t<\/div>\n\t\t\t\t<div class=\"elementor-element elementor-element-069a289 elementor-widget elementor-widget-tmx-lavelo_couple\" data-id=\"069a289\" data-element_type=\"widget\" data-settings=\"{&quot;bride_image&quot;:{&quot;url&quot;:&quot;https:\\\/\\\/navajowhite-locust-278468.hostingersite.com\\\/wp-content\\\/uploads\\\/2025\\\/12\\\/johnny_depp-Alice_in_Wonderland_Movie_HD_Wallpaper_04_1366x768-e1765066588484.jpg&quot;,&quot;id&quot;:516,&quot;size&quot;:&quot;&quot;,&quot;alt&quot;:&quot;&quot;,&quot;source&quot;:&quot;library&quot;},&quot;groom_image&quot;:{&quot;url&quot;:&quot;https:\\\/\\\/navajowhite-locust-278468.hostingersite.com\\\/wp-content\\\/uploads\\\/2025\\\/12\\\/cheshire_cat-Alice_in_Wonderland_Movie_HD_Wallpaper_04_1366x768.jpg&quot;,&quot;id&quot;:514,&quot;size&quot;:&quot;&quot;,&quot;alt&quot;:&quot;&quot;,&quot;source&quot;:&quot;library&quot;},&quot;cuple_shape&quot;:{&quot;url&quot;:&quot;https:\\\/\\\/navajowhite-locust-278468.hostingersite.com\\\/wp-content\\\/uploads\\\/2025\\\/12\\\/WhatsApp-Image-2025-12-06-at-7.06.23-PM.jpeg&quot;,&quot;id&quot;:513,&quot;size&quot;:&quot;&quot;,&quot;alt&quot;:&quot;&quot;,&quot;source&quot;:&quot;library&quot;}}\" data-widget_type=\"tmx-lavelo_couple.default\">\n\t\t\t\t<div class=\"elementor-widget-container\">\n\t\t\t\t\t\t\t<div class=\"couple couple-area-2 \">\n\t\t\t<div class=\"couple-item\">\n\t\t\t\t<div class=\"row\">\n\t\t\t\t\t<div class=\"col-lg-4 col-md-6 col-sm-6  couple-single\">\n\t\t\t\t\t\t\t\t\t\t\t\t\t<div class=\"couple-img\">\n\t\t\t\t\t\t\t\t<img decoding=\"async\" src=\"https:\/\/xn--15aos-qta.site\/wp-content\/uploads\/2025\/12\/cheshire_cat-Alice_in_Wonderland_Movie_HD_Wallpaper_04_1366x768.jpg\" alt=\"\">\n\t\t\t\t\t\t\t<\/div>\n\t\t\t\t\t\t\t\t\t\t\t\t<div class=\"couple-content  mt--30\">\n\t\t\t\t\t\t\t<p>\"\u00a1No te pierdas esta maravillosa locura! Est\u00e1s invitado a mis 15 a\u00f1os. Simplemente... sigue la sonrisa.\"\n\n<\/p>\t\t\t\t\t\t<\/div>\n\t\t\t\t\t\t<div class=\"social-icon\">\n\t\t\t\t\t\t\t<ul class=\"d-flex\">\n\t\t\t\t\t\t\t\t\t\t\t\t\t\t\t\t\t\t<li>\n\t\t\t\t\t\t\t\t\t\t\t<a href=\"#\"><i class=\"\"><\/i>\t\t\t\t\t\t\t\t\t\t\t<\/a>\n\t\t\t\t\t\t\t\t\t\t<\/li>\n\t\t\t\t\t\t\t\t\t\t\t\t\t\t\t<\/ul>\n\t\t\t\t\t\t<\/div>\n\t\t\t\t\t<\/div>\n\t\t\t\t\t<div class=\"col-lg-4 col-md-6 col-sm-6  couple-single\">\n\t\t\t\t\t\t<div class=\"couple-shape\">\n\t\t\t\t\t\t\t<img decoding=\"async\" src=\"https:\/\/xn--15aos-qta.site\/wp-content\/uploads\/2025\/12\/WhatsApp-Image-2025-12-06-at-7.06.23-PM.jpeg\" alt=\"\">\t\t\t\t\t\t<\/div>\n\t\t\t\t\t<\/div>\n\t\t\t\t\t<div class=\"col-lg-4 col-md-6 col-sm-6  couple-single md-0\">\n\t\t\t\t\t\t\t\t\t\t\t\t\t<div class=\"couple-img\">\n\t\t\t\t\t\t\t\t<img decoding=\"async\" src=\"https:\/\/xn--15aos-qta.site\/wp-content\/uploads\/2025\/12\/johnny_depp-Alice_in_Wonderland_Movie_HD_Wallpaper_04_1366x768-e1765066588484.jpg\" alt=\"\">\n\t\t\t\t\t\t\t<\/div>\n\t\t\t\t\t\t\t\t\t\t\t\t<div class=\"couple-content mt--30\">\n\t\t\t\t\t\t\t<p>\u00bfPor qu\u00e9 un cuervo se parece a un escritorio? Ven a mis 15 a\u00f1os y celebremos sin una pizca de sentido.\"<\/p>\t\t\t\t\t\t<\/div>\n\t\t\t\t\t\t<div class=\"social-icon\">\n\t\t\t\t\t\t\t<ul class=\"d-flex\">\n\t\t\t\t\t\t\t\t\t\t\t\t\t\t\t\t\t\t<li>\n\t\t\t\t\t\t\t\t\t\t\t<a href=\"#\"><i class=\"\"><\/i>\t\t\t\t\t\t\t\t\t\t\t<\/a>\n\t\t\t\t\t\t\t\t\t\t<\/li>\n\t\t\t\t\t\t\t\t\t\t\t\t\t\t\t<\/ul>\n\t\t\t\t\t\t<\/div>\n\t\t\t\t\t<\/div>\n\t\t\t\t<\/div>\n\t\t\t<\/div>\n\t\t<\/div>\n\t\t\t\t<\/div>\n\t\t\t\t<\/div>\n\t\t\t\t\t<\/div>\n\t\t<\/div>\n\t\t\t\t\t<\/div>\n\t\t<\/section>\n\t\t<div class=\"elementor-element elementor-element-be81f7d e-flex e-con-boxed e-con e-parent\" data-id=\"be81f7d\" data-element_type=\"container\">\n\t\t\t\t\t<div class=\"e-con-inner\">\n\t\t\t\t<div class=\"elementor-element elementor-element-af6eb8c elementor-widget elementor-widget-image\" data-id=\"af6eb8c\" data-element_type=\"widget\" data-widget_type=\"image.default\">\n\t\t\t\t\t\t\t\t\t\t\t\t\t\t\t<img fetchpriority=\"high\" decoding=\"async\" width=\"199\" height=\"300\" src=\"https:\/\/xn--15aos-qta.site\/wp-content\/uploads\/2025\/12\/pngwing.com-2-199x300.png\" class=\"attachment-medium size-medium wp-image-665\" alt=\"\" srcset=\"https:\/\/xn--15aos-qta.site\/wp-content\/uploads\/2025\/12\/pngwing.com-2-199x300.png 199w, https:\/\/xn--15aos-qta.site\/wp-content\/uploads\/2025\/12\/pngwing.com-2.png 629w\" sizes=\"(max-width: 199px) 100vw, 199px\" \/>\t\t\t\t\t\t\t\t\t\t\t\t\t\t\t<\/div>\n\t\t\t\t\t<\/div>\n\t\t\t\t<\/div>\n\t\t\t\t<section class=\"elementor-section elementor-top-section elementor-element elementor-element-2d58488 elementor-section-full_width elementor-section-height-default elementor-section-height-default\" data-id=\"2d58488\" data-element_type=\"section\" data-settings=\"{&quot;background_background&quot;:&quot;classic&quot;}\">\n\t\t\t\t\t\t\t<div class=\"elementor-background-overlay\"><\/div>\n\t\t\t\t\t\t\t<div class=\"elementor-container elementor-column-gap-no\">\n\t\t\t\t\t<div class=\"elementor-column elementor-col-100 elementor-top-column elementor-element elementor-element-3edd4aa\" data-id=\"3edd4aa\" data-element_type=\"column\">\n\t\t\t<div class=\"elementor-widget-wrap elementor-element-populated\">\n\t\t\t\t\t\t<div class=\"elementor-element elementor-element-e7a7a9e elementor-widget elementor-widget-tmx-lavelo_cta\" data-id=\"e7a7a9e\" data-element_type=\"widget\" data-widget_type=\"tmx-lavelo_cta.default\">\n\t\t\t\t<div class=\"elementor-widget-container\">\n\t\t\t\t\t\n\t\t<div class=\"welcome-area\">\n\t\t\t<div class=\"welcome-content\">\n\t\t\t\t<h2>Bienvenidos a este gran d\u00eda<\/h2><p>&quot;Hoy, la peque\u00f1a Nathalia que fuiste cruza el umbral de un nuevo y maravilloso cap\u00edtulo. En este Pa\u00eds de las Maravillas de tus 15 a\u00f1os, la aventura reci\u00e9n comienza. V\u00edstete de gala y ven a celebrar la magia de crecer, donde lo imposible es solo el principio.&quot;<\/p><div class=\"btn\"><a href=\"https:\/\/www.google.com\/maps\/embed?pb=!1m18!1m12!1m3!1d638.4954875345277!2d-73.99994659363774!3d5.0267657182442695!2m3!1f0!2f0!3f0!3m2!1i1024!2i768!4f13.1!3m3!1m2!1s0x8e406fc0188379e7%3A0x93ddfc45304735e9!2sSalon%20de%20eventos%20Terrazas%20de%20Zipaquira!5e0!3m2!1ses!2sco!4v1765071390278!5m2!1ses!2sco%20width=600%20height=450%20style=border:0;%20allowfullscreen=%20loading=lazy%20referrerpolicy=no-referrer-when-downgrade\"  class=\"popup-gmaps\" >Sitio del Evento<\/a><\/div>\t\t\t<\/div>\n\t\t<\/div>\n\n\t\t\t\t<\/div>\n\t\t\t\t<\/div>\n\t\t\t\t\t<\/div>\n\t\t<\/div>\n\t\t\t\t\t<\/div>\n\t\t<\/section>\n\t\t\t\t<section class=\"elementor-section elementor-top-section elementor-element elementor-element-09d153c elementor-section-boxed elementor-section-height-default elementor-section-height-default\" data-id=\"09d153c\" data-element_type=\"section\" id=\"story\">\n\t\t\t\t\t\t<div class=\"elementor-container elementor-column-gap-default\">\n\t\t\t\t\t<div class=\"elementor-column elementor-col-100 elementor-top-column elementor-element elementor-element-d81f72d\" data-id=\"d81f72d\" data-element_type=\"column\">\n\t\t\t<div class=\"elementor-widget-wrap\">\n\t\t\t\t\t\t\t<\/div>\n\t\t<\/div>\n\t\t\t\t\t<\/div>\n\t\t<\/section>\n\t\t\t\t<section class=\"elementor-section elementor-top-section elementor-element elementor-element-e041126 elementor-section-boxed elementor-section-height-default elementor-section-height-default\" data-id=\"e041126\" data-element_type=\"section\" id=\"event\">\n\t\t\t\t\t\t<div class=\"elementor-container elementor-column-gap-default\">\n\t\t\t\t\t<div class=\"elementor-column elementor-col-100 elementor-top-column elementor-element elementor-element-68d4678\" data-id=\"68d4678\" data-element_type=\"column\">\n\t\t\t<div class=\"elementor-widget-wrap elementor-element-populated\">\n\t\t\t\t\t\t<div class=\"elementor-element elementor-element-035cc6c elementor-widget elementor-widget-tmx-lavelo_title\" data-id=\"035cc6c\" data-element_type=\"widget\" data-widget_type=\"tmx-lavelo_title.default\">\n\t\t\t\t<div class=\"elementor-widget-container\">\n\t\t\t\t\t\t\t<div class=\"text-center lavelo-title   lavelo-title-69d353ee42992\">\n\t\t\t<h2>\u00bfCu\u00e1ndo &amp; Donde?<\/h2>\t\t<\/div>\n\t\t\t\t<\/div>\n\t\t\t\t<\/div>\n\t\t\t\t<div class=\"elementor-element elementor-element-ecb50d3 elementor-widget elementor-widget-tmx-lavelo_event\" data-id=\"ecb50d3\" data-element_type=\"widget\" data-widget_type=\"tmx-lavelo_event.default\">\n\t\t\t\t<div class=\"elementor-widget-container\">\n\t\t\t\t\t\t\t<div class=\"event-area\">\n\t\t\t\t\t\t\t\t\t<div class=\"single-event\">\n\t\t\t\t\t\t\t<div class=\"row\">\n\t\t\t\t\t\t\t\t<div class=\"col-md-6\">\n\t\t\t\t\t\t\t\t\t<div class=\"event-img\">\n\t\t\t\t\t\t\t\t\t\t<img decoding=\"async\" src=\"https:\/\/xn--15aos-qta.site\/wp-content\/uploads\/2025\/12\/b2c8ac80121c162d862acef252dd3201_1280x720.jpg\" alt=\"\">\t\t\t\t\t\t\t\t\t<\/div>\n\t\t\t\t\t\t\t\t<\/div>\n\t\t\t\t\t\t\t\t<div class=\"col-md-6\">\n\t\t\t\t\t\t\t\t\t<div class=\"event-content\">\n\t\t\t\t\t\t\t\t\t\t<h2>Recepci\u00f3n<\/h2>\t\t\t\t\t\t\t\t\t\t<div class=\"event-time\">\n\t\t\t\t\t\t\t\t\t\t\t<i class=\"fa fa-map-marker\"><\/i>\n\t\t\t\t\t\t\t\t\t\t\t <span>Calle 9 # 9A-24 Barrio La Esmeralda Zipaquir\u00e1<\/span>\t\t\t\t\t\t\t\t\t\t<\/div>\n\t\t\t\t\t\t\t\t\t\t<div class=\"location\">\n\t\t\t\t\t\t\t\t\t\t\t<i class=\"fa fa-clock-o\"><\/i>\n\t\t\t\t\t\t\t\t\t\t\t <span> S\u00e1bado, 27 de Diciembre, 6:30 PM -1.00 AM<\/span>\t\t\t\t\t\t\t\t\t\t<\/div>\n\t\t\t\t\t\t\t\t\t\t<p>&quot;El Sombrerero Loco ha puesto la mesa y el destino nos espera. \u00danete a esta maravillosa locura donde celebraremos mis 15 a\u00f1os. \u00a1Encuentra el camino a nuestro Pa\u00eds de las Maravillas aqu\u00ed abajo!&quot;<\/p> <a class=\"enent-link popup-gmaps\" href=\"https:\/\/www.google.com\/maps\/embed?pb=!1m18!1m12!1m3!1d638.4954875345277!2d-73.99994659363774!3d5.0267657182442695!2m3!1f0!2f0!3f0!3m2!1i1024!2i768!4f13.1!3m3!1m2!1s0x8e406fc0188379e7%3A0x93ddfc45304735e9!2sSalon%20de%20eventos%20Terrazas%20de%20Zipaquira!5e0!3m2!1ses!2sco!4v1765071390278!5m2!1ses!2sco\" width=\"600\" height=\"450\" style=\"border:0;\" allowfullscreen=\"\" loading=\"lazy\" referrerpolicy=\"no-referrer-when-downgrade\"\">Clic aqu\u00ed y sigue al Conejo Blanco hasta el sal\u00f3n (Ubicaci\u00f3n)<\/a>\t\t\t\t\t\t\t\t\t<\/div>\n\t\t\t\t\t\t\t\t<\/div>\n\t\t\t\t\t\t\t<\/div>\n\t\t\t\t\t\t<\/div>\n\t\t\t\t\t<\/div>\n\t\t\t\t<\/div>\n\t\t\t\t<\/div>\n\t\t\t\t\t<\/div>\n\t\t<\/div>\n\t\t\t\t\t<\/div>\n\t\t<\/section>\n\t\t\t\t<section class=\"elementor-section elementor-top-section elementor-element elementor-element-98e5d50 elementor-section-boxed elementor-section-height-default elementor-section-height-default\" data-id=\"98e5d50\" data-element_type=\"section\">\n\t\t\t\t\t\t<div class=\"elementor-container elementor-column-gap-default\">\n\t\t\t\t\t<div class=\"elementor-column elementor-col-100 elementor-top-column elementor-element elementor-element-a666312\" data-id=\"a666312\" data-element_type=\"column\">\n\t\t\t<div class=\"elementor-widget-wrap elementor-element-populated\">\n\t\t\t\t\t\t<div class=\"elementor-element elementor-element-319c541 elementor-widget elementor-widget-tmx-lavelo_title\" data-id=\"319c541\" data-element_type=\"widget\" data-widget_type=\"tmx-lavelo_title.default\">\n\t\t\t\t<div class=\"elementor-widget-container\">\n\t\t\t\t\t\t\t<div class=\"text-center lavelo-title   lavelo-title-69d353ee433f6\">\n\t\t\t<h2>Dress Code<\/h2>\t\t<\/div>\n\t\t\t\t<\/div>\n\t\t\t\t<\/div>\n\t\t\t\t<div class=\"elementor-element elementor-element-ef5ea1d elementor-widget elementor-widget-text-editor\" data-id=\"ef5ea1d\" data-element_type=\"widget\" data-widget_type=\"text-editor.default\">\n\t\t\t\t\t\t\t\t\t<p><span style=\"font-size: 24px\">Semi-formal<\/span><\/p><h5><span style=\"color: #00d8f9;font-family: 'arial black', 'avant garde';font-size: 18px\">RESERVAR EL COLOR CELESTE PARA LA QUINCEA\u00d1ERA<\/span><\/h5>\t\t\t\t\t\t\t\t<\/div>\n\t\t\t\t<div class=\"elementor-element elementor-element-ceb09d0 elementor-widget elementor-widget-tmx-lavelo_title\" data-id=\"ceb09d0\" data-element_type=\"widget\" data-widget_type=\"tmx-lavelo_title.default\">\n\t\t\t\t<div class=\"elementor-widget-container\">\n\t\t\t\t\t\t\t<div class=\"text-center lavelo-title   lavelo-title-69d353ee43d2d\">\n\t\t\t<h2>Lluvia de Sobres<\/h2>\t\t<\/div>\n\t\t\t\t<\/div>\n\t\t\t\t<\/div>\n\t\t\t\t\t<\/div>\n\t\t<\/div>\n\t\t\t\t\t<\/div>\n\t\t<\/section>\n\t\t<div class=\"elementor-element elementor-element-f68e3f5 e-flex e-con-boxed e-con e-parent\" data-id=\"f68e3f5\" data-element_type=\"container\">\n\t\t\t\t\t<div class=\"e-con-inner\">\n\t\t\t\t\t<\/div>\n\t\t\t\t<\/div>\n\t\t<div class=\"elementor-element elementor-element-5cda31d e-flex e-con-boxed e-con e-parent\" data-id=\"5cda31d\" data-element_type=\"container\">\n\t\t\t\t\t<div class=\"e-con-inner\">\n\t\t\t\t<div class=\"elementor-element elementor-element-09e5655 elementor-widget elementor-widget-image\" data-id=\"09e5655\" data-element_type=\"widget\" data-widget_type=\"image.default\">\n\t\t\t\t\t\t\t\t\t\t\t\t\t\t\t<img decoding=\"async\" width=\"300\" height=\"251\" src=\"https:\/\/xn--15aos-qta.site\/wp-content\/uploads\/2025\/12\/pngwing.com_-300x251.png\" class=\"attachment-medium size-medium wp-image-535\" alt=\"\" srcset=\"https:\/\/xn--15aos-qta.site\/wp-content\/uploads\/2025\/12\/pngwing.com_-300x251.png 300w, https:\/\/xn--15aos-qta.site\/wp-content\/uploads\/2025\/12\/pngwing.com_-1024x857.png 1024w, https:\/\/xn--15aos-qta.site\/wp-content\/uploads\/2025\/12\/pngwing.com_-768x642.png 768w, https:\/\/xn--15aos-qta.site\/wp-content\/uploads\/2025\/12\/pngwing.com_-1536x1285.png 1536w, https:\/\/xn--15aos-qta.site\/wp-content\/uploads\/2025\/12\/pngwing.com_.png 1878w\" sizes=\"(max-width: 300px) 100vw, 300px\" \/>\t\t\t\t\t\t\t\t\t\t\t\t\t\t\t<\/div>\n\t\t\t\t\t<\/div>\n\t\t\t\t<\/div>\n\t\t\t\t<section class=\"elementor-section elementor-top-section elementor-element elementor-element-6a54eed elementor-section-full_width elementor-section-height-default elementor-section-height-default\" data-id=\"6a54eed\" data-element_type=\"section\" data-settings=\"{&quot;background_background&quot;:&quot;classic&quot;}\">\n\t\t\t\t\t\t<div class=\"elementor-container elementor-column-gap-no\">\n\t\t\t\t\t<div class=\"elementor-column elementor-col-100 elementor-top-column elementor-element elementor-element-9787ee2\" data-id=\"9787ee2\" data-element_type=\"column\">\n\t\t\t<div class=\"elementor-widget-wrap elementor-element-populated\">\n\t\t\t\t\t\t<div class=\"elementor-element elementor-element-7a6ca90 elementor-widget elementor-widget-tmx-lavelo_thanks\" data-id=\"7a6ca90\" data-element_type=\"widget\" data-widget_type=\"tmx-lavelo_thanks.default\">\n\t\t\t\t<div class=\"elementor-widget-container\">\n\t\t\t\t\t\t\t<div class=\"footer-area\">\n\t\t\t<div class=\"footer-content\">\n\t\t\t\t<div class=\"content-sub\">\n\t\t\t\t\t<h2>Gracias<\/h2><span>Por Acompa\u00f1arme<\/span>\t\t\t\t<\/div>\n\t\t\t<\/div>\n\t\t<\/div>\n\t\t\t\t<\/div>\n\t\t\t\t<\/div>\n\t\t\t\t\t<\/div>\n\t\t<\/div>\n\t\t\t\t\t<\/div>\n\t\t<\/section>\n\t\t<div class=\"elementor-element elementor-element-01a8150 e-flex e-con-boxed e-con e-parent\" data-id=\"01a8150\" data-element_type=\"container\">\n\t\t\t\t\t<div class=\"e-con-inner\">\n\t\t<div class=\"elementor-element elementor-element-7cfa7a0 e-con-full e-flex e-con e-child\" data-id=\"7cfa7a0\" data-element_type=\"container\">\n\t\t\t\t<\/div>\n\t\t\t\t\t<\/div>\n\t\t\t\t<\/div>\n\t\t\t\t<\/div>\n\t\t","protected":false},"excerpt":{"rendered":"Te invito a celebrar Mis 15 A\u00f1os 27\/12\/2025 Estamos esperando por&#8230;..El Gran D\u00eda Nathalia Isabella &#8220;\u00a1No te pierdas esta maravillosa locura! Est\u00e1s invitado a mis 15 a\u00f1os. Simplemente&#8230; sigue la sonrisa.&#8221; \u00bfPor qu\u00e9 un cuervo se parece a un escritorio? Ven a mis 15 a\u00f1os y celebremos sin una pizca de sentido.&#8221; Bienvenidos a este ","protected":false},"author":1,"featured_media":0,"parent":0,"menu_order":0,"comment_status":"closed","ping_status":"closed","template":"elementor_header_footer","meta":{"footnotes":""},"class_list":["post-487","page","type-page","status-publish","hentry"],"_links":{"self":[{"href":"https:\/\/xn--15aos-qta.site\/index.php?rest_route=\/wp\/v2\/pages\/487","targetHints":{"allow":["GET"]}}],"collection":[{"href":"https:\/\/xn--15aos-qta.site\/index.php?rest_route=\/wp\/v2\/pages"}],"about":[{"href":"https:\/\/xn--15aos-qta.site\/index.php?rest_route=\/wp\/v2\/types\/page"}],"author":[{"embeddable":true,"href":"https:\/\/xn--15aos-qta.site\/index.php?rest_route=\/wp\/v2\/users\/1"}],"replies":[{"embeddable":true,"href":"https:\/\/xn--15aos-qta.site\/index.php?rest_route=%2Fwp%2Fv2%2Fcomments&post=487"}],"version-history":[{"count":232,"href":"https:\/\/xn--15aos-qta.site\/index.php?rest_route=\/wp\/v2\/pages\/487\/revisions"}],"predecessor-version":[{"id":779,"href":"https:\/\/xn--15aos-qta.site\/index.php?rest_route=\/wp\/v2\/pages\/487\/revisions\/779"}],"wp:attachment":[{"href":"https:\/\/xn--15aos-qta.site\/index.php?rest_route=%2Fwp%2Fv2%2Fmedia&parent=487"}],"curies":[{"name":"wp","href":"https:\/\/api.w.org\/{rel}","templated":true}]}}